{"id":905,"date":"2022-09-26T22:26:36","date_gmt":"2022-09-26T20:26:36","guid":{"rendered":"http:\/\/shop.royal-motosport.eu\/?post_type=product&#038;p=905"},"modified":"2024-01-11T19:26:23","modified_gmt":"2024-01-11T18:26:23","slug":"nakladki-na-progi-leon-i-cupra-komplet","status":"publish","type":"product","link":"https:\/\/royal-motosport.eu\/english\/sklep\/progi\/seat-progi\/nakladki-na-progi-leon-i-cupra-komplet\/","title":{"rendered":"Nak\u0142adki na progi LEON I CUPRA KOMPLET"},"content":{"rendered":"<p>Nak\u0142adki na progi LEON I CUPRA KOMPLET<\/p>\n<p>Progi nowe wykonane z najwy\u017cszej jako\u015bci laminat\u00f3w, produkt wytrzyma\u0142y oraz elastyczny. Spraw by twoje auto wygl\u0105da\u0142o bardziej agresywnie od innych ! Zacznij wyr\u00f3\u017cnia\u0107 si\u0119 na drodze !<br \/>\nSpoilery wysokiej jako\u015bci bez dziurek ukrytych wad dostajesz to co na zdj\u0119ciu w razie problem\u00f3w zwrot na nasz koszt w razie pyta\u0144 prosimy o kontakt telefoniczny b\u0105d\u017a o pytanie do sprzedaj\u0105cego.<\/p>\n<p>Dlaczego my:<\/p>\n<p>100% zadowolenia lub zwrot pieni\u0119dzy.<br \/>\nZwroty paczek na nasz koszt.<br \/>\nDo\u015bwiadczenie w produkcji.<br \/>\nDoskona\u0142y kontakt ze sprzedaj\u0105cym zawsze ch\u0119tnie pomo\u017cemy.<br \/>\nKr\u00f3tki czas oczekiwania wi\u0119kszo\u015b\u0107 paczek dochodzi na nast\u0119pny dzie\u0144 roboczy !<\/p>\n<p>Do ka\u017cdego zakupu wystawiamy paragon lub faktur\u0119 VAT.<br \/>\nWysy\u0142ka:<\/p>\n<p>45z\u0142 Pobraniowo<\/p>\n<p>Czas realizacji zam\u00f3wienia do 3 dni roboczych.<\/p>","protected":false},"excerpt":{"rendered":"<p>Nak\u0142adki na progi LEON I CUPRA KOMPLET Progi nowe wykonane z najwy\u017cszej jako\u015bci laminat\u00f3w, produkt wytrzyma\u0142y oraz elastyczny. Spraw by twoje auto wygl\u0105da\u0142o bardziej agresywnie od innych ! Zacznij wyr\u00f3\u017cnia\u0107 si\u0119 na drodze ! Spoilery wysokiej jako\u015bci bez dziurek ukrytych wad dostajesz to co na zdj\u0119ciu w razie problem\u00f3w zwrot na nasz koszt w razie pyta\u0144 prosimy o kontakt telefoniczny b\u0105d\u017a o pytanie do sprzedaj\u0105cego. Dlaczego my: 100% zadowolenia lub zwrot pieni\u0119dzy. Zwroty paczek na nasz koszt. Do\u015bwiadczenie w produkcji. Doskona\u0142y kontakt ze sprzedaj\u0105cym zawsze ch\u0119tnie pomo\u017cemy. Kr\u00f3tki czas oczekiwania wi\u0119kszo\u015b\u0107 paczek dochodzi na nast\u0119pny dzie\u0144 roboczy ! Do ka\u017cdego zakupu wystawiamy paragon lub faktur\u0119 VAT. Wysy\u0142ka: 45z\u0142 Pobraniowo Czas realizacji zam\u00f3wienia do 3 dni roboczych.<\/p>","protected":false},"featured_media":1077,"comment_status":"open","ping_status":"closed","template":"","meta":{"site-sidebar-layout":"default","site-content-layout":"","ast-site-content-layout":"default","site-content-style":"default","site-sidebar-style":"default","ast-global-header-display":"","ast-banner-title-visibility":"","ast-main-header-display":"","ast-hfb-above-header-display":"","ast-hfb-below-header-display":"","ast-hfb-mobile-header-display":"","site-post-title":"","ast-breadcrumbs-content":"","ast-featured-img":"","footer-sml-layout":"","ast-disable-related-posts":"","theme-transparent-header-meta":"default","adv-header-id-meta":"","stick-header-meta":"","header-above-stick-meta":"","header-main-stick-meta":"","header-below-stick-meta":"","astra-migrate-meta-layouts":"set","ast-page-background-enabled":"default","ast-page-background-meta":{"desktop":{"background-color":"var(--ast-global-color-4)","background-image":"","background-repeat":"repeat","background-position":"center center","background-size":"auto","background-attachment":"scroll","background-type":"","background-media":"","overlay-type":"","overlay-color":"","overlay-opacity":"","overlay-gradient":""},"tablet":{"background-color":"","background-image":"","background-repeat":"repeat","background-position":"center center","background-size":"auto","background-attachment":"scroll","background-type":"","background-media":"","overlay-type":"","overlay-color":"","overlay-opacity":"","overlay-gradient":""},"mobile":{"background-color":"","background-image":"","background-repeat":"repeat","background-position":"center center","background-size":"auto","background-attachment":"scroll","background-type":"","background-media":"","overlay-type":"","overlay-color":"","overlay-opacity":"","overlay-gradient":""}},"ast-content-background-meta":{"desktop":{"background-color":"var(--ast-global-color-5)","background-image":"","background-repeat":"repeat","background-position":"center center","background-size":"auto","background-attachment":"scroll","background-type":"","background-media":"","overlay-type":"","overlay-color":"","overlay-opacity":"","overlay-gradient":""},"tablet":{"background-color":"var(--ast-global-color-5)","background-image":"","background-repeat":"repeat","background-position":"center center","background-size":"auto","background-attachment":"scroll","background-type":"","background-media":"","overlay-type":"","overlay-color":"","overlay-opacity":"","overlay-gradient":""},"mobile":{"background-color":"var(--ast-global-color-5)","background-image":"","background-repeat":"repeat","background-position":"center center","background-size":"auto","background-attachment":"scroll","background-type":"","background-media":"","overlay-type":"","overlay-color":"","overlay-opacity":"","overlay-gradient":""}}},"product_brand":[],"product_cat":[47,33,92],"product_tag":[],"class_list":{"0":"post-905","1":"product","2":"type-product","3":"status-publish","4":"has-post-thumbnail","6":"product_cat-osobowe","7":"product_cat-progi","8":"product_cat-seat-progi","9":"desktop-align-center","10":"tablet-align-center","11":"mobile-align-center","13":"first","14":"instock","15":"taxable","16":"shipping-taxable","17":"purchasable","18":"product-type-simple"},"_links":{"self":[{"href":"https:\/\/royal-motosport.eu\/english\/wp-json\/wp\/v2\/product\/905","targetHints":{"allow":["GET"]}}],"collection":[{"href":"https:\/\/royal-motosport.eu\/english\/wp-json\/wp\/v2\/product"}],"about":[{"href":"https:\/\/royal-motosport.eu\/english\/wp-json\/wp\/v2\/types\/product"}],"replies":[{"embeddable":true,"href":"https:\/\/royal-motosport.eu\/english\/wp-json\/wp\/v2\/comments?post=905"}],"version-history":[{"count":1,"href":"https:\/\/royal-motosport.eu\/english\/wp-json\/wp\/v2\/product\/905\/revisions"}],"predecessor-version":[{"id":1081,"href":"https:\/\/royal-motosport.eu\/english\/wp-json\/wp\/v2\/product\/905\/revisions\/1081"}],"wp:featuredmedia":[{"embeddable":true,"href":"https:\/\/royal-motosport.eu\/english\/wp-json\/wp\/v2\/media\/1077"}],"wp:attachment":[{"href":"https:\/\/royal-motosport.eu\/english\/wp-json\/wp\/v2\/media?parent=905"}],"wp:term":[{"taxonomy":"product_brand","embeddable":true,"href":"https:\/\/royal-motosport.eu\/english\/wp-json\/wp\/v2\/product_brand?post=905"},{"taxonomy":"product_cat","embeddable":true,"href":"https:\/\/royal-motosport.eu\/english\/wp-json\/wp\/v2\/product_cat?post=905"},{"taxonomy":"product_tag","embeddable":true,"href":"https:\/\/royal-motosport.eu\/english\/wp-json\/wp\/v2\/product_tag?post=905"}],"curies":[{"name":"wp","href":"https:\/\/api.w.org\/{rel}","templated":true}]}}