{"id":867,"date":"2022-09-26T22:26:08","date_gmt":"2022-09-26T20:26:08","guid":{"rendered":"http:\/\/shop.royal-motosport.eu\/?post_type=product&#038;p=867"},"modified":"2024-03-05T12:43:33","modified_gmt":"2024-03-05T11:43:33","slug":"mitsubishi-lancer-7-8-9-evo-look-spoiler","status":"publish","type":"product","link":"https:\/\/royal-motosport.eu\/english\/sklep\/spoilery\/inne-spoilery\/mitsubishi-lancer-7-8-9-evo-look-spoiler\/","title":{"rendered":"MITSUBISHI Lancer 7 , 8 , 9 Evo Look SPOILER"},"content":{"rendered":"<p>MITSUBISHI Lancer 7 , 8 , 9 Evo Look SPOILER<\/p>\n<p>Spoiler nowy wykonany z najwy\u017cszej jako\u015bci laminat\u00f3w, produkt wytrzyma\u0142y oraz elastyczny. Spraw by twoje auto wygl\u0105da\u0142o bardziej agresywnie od innych ! Zacznij wyr\u00f3\u017cnia\u0107 si\u0119 na drodze !<br \/>\nSpoilery wysokiej jako\u015bci bez dziurek, ukrytych wad, dostajesz to co na zdj\u0119ciu.<\/p>\n<p>Dlaczego my:<\/p>\n<p>100% zadowolenia lub zwrot pieni\u0119dzy.<br \/>\nDo\u015bwiadczenie w produkcji.<br \/>\nDoskona\u0142y kontakt ze sprzedaj\u0105cym zawsze ch\u0119tnie pomo\u017cemy.<br \/>\nKr\u00f3tki czas oczekiwania wi\u0119kszo\u015b\u0107 paczek dochodzi na nast\u0119pny dzie\u0144 roboczy !<\/p>\n<p>Do ka\u017cdego zakupu wystawiamy paragon lub faktur\u0119 VAT.<\/p>\n<p>Czas realizacji zam\u00f3wienia do 3 dni roboczych.<\/p>","protected":false},"excerpt":{"rendered":"<p>MITSUBISHI Lancer 7 , 8 , 9 Evo Look SPOILER Spoiler nowy wykonany z najwy\u017cszej jako\u015bci laminat\u00f3w, produkt wytrzyma\u0142y oraz elastyczny. Spraw by twoje auto wygl\u0105da\u0142o bardziej agresywnie od innych ! Zacznij wyr\u00f3\u017cnia\u0107 si\u0119 na drodze ! Spoilery wysokiej jako\u015bci bez dziurek, ukrytych wad, dostajesz to co na zdj\u0119ciu. Dlaczego my: 100% zadowolenia lub zwrot pieni\u0119dzy. Do\u015bwiadczenie w produkcji. Doskona\u0142y kontakt ze sprzedaj\u0105cym zawsze ch\u0119tnie pomo\u017cemy. Kr\u00f3tki czas oczekiwania wi\u0119kszo\u015b\u0107 paczek dochodzi na nast\u0119pny dzie\u0144 roboczy ! Do ka\u017cdego zakupu wystawiamy paragon lub faktur\u0119 VAT. Czas realizacji zam\u00f3wienia do 3 dni roboczych.<\/p>","protected":false},"featured_media":2862,"comment_status":"open","ping_status":"closed","template":"","meta":{"site-sidebar-layout":"default","site-content-layout":"","ast-site-content-layout":"default","site-content-style":"default","site-sidebar-style":"default","ast-global-header-display":"","ast-banner-title-visibility":"","ast-main-header-display":"","ast-hfb-above-header-display":"","ast-hfb-below-header-display":"","ast-hfb-mobile-header-display":"","site-post-title":"","ast-breadcrumbs-content":"","ast-featured-img":"","footer-sml-layout":"","ast-disable-related-posts":"","theme-transparent-header-meta":"default","adv-header-id-meta":"","stick-header-meta":"","header-above-stick-meta":"","header-main-stick-meta":"","header-below-stick-meta":"","astra-migrate-meta-layouts":"set","ast-page-background-enabled":"default","ast-page-background-meta":{"desktop":{"background-color":"var(--ast-global-color-4)","background-image":"","background-repeat":"repeat","background-position":"center center","background-size":"auto","background-attachment":"scroll","background-type":"","background-media":"","overlay-type":"","overlay-color":"","overlay-opacity":"","overlay-gradient":""},"tablet":{"background-color":"","background-image":"","background-repeat":"repeat","background-position":"center center","background-size":"auto","background-attachment":"scroll","background-type":"","background-media":"","overlay-type":"","overlay-color":"","overlay-opacity":"","overlay-gradient":""},"mobile":{"background-color":"","background-image":"","background-repeat":"repeat","background-position":"center center","background-size":"auto","background-attachment":"scroll","background-type":"","background-media":"","overlay-type":"","overlay-color":"","overlay-opacity":"","overlay-gradient":""}},"ast-content-background-meta":{"desktop":{"background-color":"var(--ast-global-color-5)","background-image":"","background-repeat":"repeat","background-position":"center center","background-size":"auto","background-attachment":"scroll","background-type":"","background-media":"","overlay-type":"","overlay-color":"","overlay-opacity":"","overlay-gradient":""},"tablet":{"background-color":"var(--ast-global-color-5)","background-image":"","background-repeat":"repeat","background-position":"center center","background-size":"auto","background-attachment":"scroll","background-type":"","background-media":"","overlay-type":"","overlay-color":"","overlay-opacity":"","overlay-gradient":""},"mobile":{"background-color":"var(--ast-global-color-5)","background-image":"","background-repeat":"repeat","background-position":"center center","background-size":"auto","background-attachment":"scroll","background-type":"","background-media":"","overlay-type":"","overlay-color":"","overlay-opacity":"","overlay-gradient":""}}},"product_brand":[],"product_cat":[72,47,34],"product_tag":[],"class_list":{"0":"post-867","1":"product","2":"type-product","3":"status-publish","4":"has-post-thumbnail","6":"product_cat-inne-spoilery","7":"product_cat-osobowe","8":"product_cat-spoilery","9":"desktop-align-center","10":"tablet-align-center","11":"mobile-align-center","13":"first","14":"instock","15":"taxable","16":"shipping-taxable","17":"purchasable","18":"product-type-simple"},"_links":{"self":[{"href":"https:\/\/royal-motosport.eu\/english\/wp-json\/wp\/v2\/product\/867","targetHints":{"allow":["GET"]}}],"collection":[{"href":"https:\/\/royal-motosport.eu\/english\/wp-json\/wp\/v2\/product"}],"about":[{"href":"https:\/\/royal-motosport.eu\/english\/wp-json\/wp\/v2\/types\/product"}],"replies":[{"embeddable":true,"href":"https:\/\/royal-motosport.eu\/english\/wp-json\/wp\/v2\/comments?post=867"}],"version-history":[{"count":3,"href":"https:\/\/royal-motosport.eu\/english\/wp-json\/wp\/v2\/product\/867\/revisions"}],"predecessor-version":[{"id":2866,"href":"https:\/\/royal-motosport.eu\/english\/wp-json\/wp\/v2\/product\/867\/revisions\/2866"}],"wp:featuredmedia":[{"embeddable":true,"href":"https:\/\/royal-motosport.eu\/english\/wp-json\/wp\/v2\/media\/2862"}],"wp:attachment":[{"href":"https:\/\/royal-motosport.eu\/english\/wp-json\/wp\/v2\/media?parent=867"}],"wp:term":[{"taxonomy":"product_brand","embeddable":true,"href":"https:\/\/royal-motosport.eu\/english\/wp-json\/wp\/v2\/product_brand?post=867"},{"taxonomy":"product_cat","embeddable":true,"href":"https:\/\/royal-motosport.eu\/english\/wp-json\/wp\/v2\/product_cat?post=867"},{"taxonomy":"product_tag","embeddable":true,"href":"https:\/\/royal-motosport.eu\/english\/wp-json\/wp\/v2\/product_tag?post=867"}],"curies":[{"name":"wp","href":"https:\/\/api.w.org\/{rel}","templated":true}]}}