{"id":3114,"date":"2025-10-24T09:55:34","date_gmt":"2025-10-24T07:55:34","guid":{"rendered":"https:\/\/royal-motosport.eu\/?post_type=product&#038;p=3114"},"modified":"2025-11-15T17:32:46","modified_gmt":"2025-11-15T16:32:46","slug":"bmw-e82-body-kit-full-body-caly-zestaw-m2","status":"publish","type":"product","link":"https:\/\/royal-motosport.eu\/english\/sklep\/zestawy\/bmw-zestawy\/e81-e82-e87\/bmw-e82-body-kit-full-body-caly-zestaw-m2\/","title":{"rendered":"BMW E82  Body Kit Full Body (ca\u0142y zestaw) M2"},"content":{"rendered":"<p>BMW E82Body Kit Full Body<\/p>\n<p>W sk\u0142ad zestawu wchodzi:<\/p>\n<p>&#8211; 2x B\u0142otnik Prz\u00f3d L+P<\/p>\n<p>&#8211; 2x B\u0142otnik Ty\u0142 L+P<\/p>\n<p>&#8211; 2x Progi Lewy + Prawy<\/p>\n<p>&#8211; 2x Zderzak prz\u00f3d + ty\u0142<\/p>\n<p>&#8211; Tylny zderzak<\/p>\n<p>&#8211; Klapa baga\u017cnika<\/p>\n<p>&#8211; Drzwi L+P<\/p>\n<p>&#8211; Maska<\/p>\n<p>&#8211; Spoiler<\/p>\n<p>&nbsp;<\/p>\n<p><strong>Cechy produktu:<\/strong><\/p>\n<ul>\n<li>elementy nowe, wykonane pod Twoje zam\u00f3wienie z najwy\u017cszej jako\u015bci laminatu (w\u0142\u00f3kno szklane + \u017cywica)<\/li>\n<li>wytrzyma\u0142e oraz elastyczne<\/li>\n<li>lekkie<\/li>\n<li>przygotowane do lakierowania (czarny podk\u0142ad)<\/li>\n<li>wysoka jako\u015b wykonania<\/li>\n<li>idealne dopasowanie<\/li>\n<\/ul>\n<p><strong>Dlaczego my:<\/strong><\/p>\n<ul>\n<li>100% zadowolenia lub zwrot pieni\u0119dzy.<\/li>\n<li>Wieloletnie do\u015bwiadczenie w produkcji.<\/li>\n<li>Doskona\u0142y kontakt ze sprzedaj\u0105cym, zawsze ch\u0119tnie pomo\u017cemy.<\/li>\n<li>Kr\u00f3tki czas oczekiwania na zam\u00f3wienie.<\/li>\n<li>Wysy\u0142ka za granic\u0119.<\/li>\n<\/ul>\n<p><strong>WA\u017bNE!!! \u00a0<\/strong><\/p>\n<ul>\n<li>Zam\u00f3wienia przyjmowane s\u0105 do 9:00, po tej godzinie przechodz\u0105 na nast\u0119pny dzie\u0144 roboczy.<\/li>\n<li>Paczk\u0119 nale\u017cy sprawdzi\u0107 przy kurierze.<\/li>\n<li>Przed za\u0142o\u017ceniem spoilera i lakierowaniem prosimy o przymierzenie cz\u0119\u015bci do auta.<\/li>\n<li>Elementy do monta\u017cu takie jak \u015bruby, klej czy ta\u015bma nie s\u0105 do\u0142\u0105czone do zestawu.<\/li>\n<\/ul>","protected":false},"excerpt":{"rendered":"<p><a href=\"https:\/\/royal-motosport.eu\/wp-content\/uploads\/2025\/10\/att._W_dFsVU3sw5w2ki2fE-nANQ_Ekww2EfJJV3XC-Dcg-2.jpg\"><img fetchpriority=\"high\" decoding=\"async\" class=\"alignnone size-medium wp-image-3118\" src=\"https:\/\/royal-motosport.eu\/wp-content\/uploads\/2025\/10\/att._W_dFsVU3sw5w2ki2fE-nANQ_Ekww2EfJJV3XC-Dcg-2-300x169.jpg\" alt=\"\" width=\"300\" height=\"169\" srcset=\"https:\/\/royal-motosport.eu\/wp-content\/uploads\/2025\/10\/att._W_dFsVU3sw5w2ki2fE-nANQ_Ekww2EfJJV3XC-Dcg-2-300x169.jpg 300w, https:\/\/royal-motosport.eu\/wp-content\/uploads\/2025\/10\/att._W_dFsVU3sw5w2ki2fE-nANQ_Ekww2EfJJV3XC-Dcg-2-1024x576.jpg 1024w, https:\/\/royal-motosport.eu\/wp-content\/uploads\/2025\/10\/att._W_dFsVU3sw5w2ki2fE-nANQ_Ekww2EfJJV3XC-Dcg-2-768x432.jpg 768w, https:\/\/royal-motosport.eu\/wp-content\/uploads\/2025\/10\/att._W_dFsVU3sw5w2ki2fE-nANQ_Ekww2EfJJV3XC-Dcg-2-1536x864.jpg 1536w, https:\/\/royal-motosport.eu\/wp-content\/uploads\/2025\/10\/att._W_dFsVU3sw5w2ki2fE-nANQ_Ekww2EfJJV3XC-Dcg-2-18x10.jpg 18w, https:\/\/royal-motosport.eu\/wp-content\/uploads\/2025\/10\/att._W_dFsVU3sw5w2ki2fE-nANQ_Ekww2EfJJV3XC-Dcg-2-600x338.jpg 600w, https:\/\/royal-motosport.eu\/wp-content\/uploads\/2025\/10\/att._W_dFsVU3sw5w2ki2fE-nANQ_Ekww2EfJJV3XC-Dcg-2.jpg 1916w\" sizes=\"(max-width: 300px) 100vw, 300px\" \/><\/a><\/p>","protected":false},"featured_media":3122,"comment_status":"open","ping_status":"closed","template":"","meta":{"site-sidebar-layout":"default","site-content-layout":"default","ast-site-content-layout":"default","site-content-style":"default","site-sidebar-style":"default","ast-global-header-display":"","ast-banner-title-visibility":"","ast-main-header-display":"","ast-hfb-above-header-display":"","ast-hfb-below-header-display":"","ast-hfb-mobile-header-display":"","site-post-title":"","ast-breadcrumbs-content":"","ast-featured-img":"","footer-sml-layout":"","ast-disable-related-posts":"","theme-transparent-header-meta":"default","adv-header-id-meta":"","stick-header-meta":"","header-above-stick-meta":"","header-main-stick-meta":"","header-below-stick-meta":"","astra-migrate-meta-layouts":"set","ast-page-background-enabled":"default","ast-page-background-meta":{"desktop":{"background-color":"var(--ast-global-color-4)","background-image":"","background-repeat":"repeat","background-position":"center center","background-size":"auto","background-attachment":"scroll","background-type":"","background-media":"","overlay-type":"","overlay-color":"","overlay-opacity":"","overlay-gradient":""},"tablet":{"background-color":"","background-image":"","background-repeat":"repeat","background-position":"center center","background-size":"auto","background-attachment":"scroll","background-type":"","background-media":"","overlay-type":"","overlay-color":"","overlay-opacity":"","overlay-gradient":""},"mobile":{"background-color":"","background-image":"","background-repeat":"repeat","background-position":"center center","background-size":"auto","background-attachment":"scroll","background-type":"","background-media":"","overlay-type":"","overlay-color":"","overlay-opacity":"","overlay-gradient":""}},"ast-content-background-meta":{"desktop":{"background-color":"var(--ast-global-color-5)","background-image":"","background-repeat":"repeat","background-position":"center center","background-size":"auto","background-attachment":"scroll","background-type":"","background-media":"","overlay-type":"","overlay-color":"","overlay-opacity":"","overlay-gradient":""},"tablet":{"background-color":"var(--ast-global-color-5)","background-image":"","background-repeat":"repeat","background-position":"center center","background-size":"auto","background-attachment":"scroll","background-type":"","background-media":"","overlay-type":"","overlay-color":"","overlay-opacity":"","overlay-gradient":""},"mobile":{"background-color":"var(--ast-global-color-5)","background-image":"","background-repeat":"repeat","background-position":"center center","background-size":"auto","background-attachment":"scroll","background-type":"","background-media":"","overlay-type":"","overlay-color":"","overlay-opacity":"","overlay-gradient":""}}},"product_brand":[],"product_cat":[99,105,122,125,47,37],"product_tag":[],"class_list":{"0":"post-3114","1":"product","2":"type-product","3":"status-publish","4":"has-post-thumbnail","6":"product_cat-bmw-zestawy","7":"product_cat-e81-e82-e87","8":"product_cat-e82","9":"product_cat-maski-inne-dokladki_dyfuzory","10":"product_cat-osobowe","11":"product_cat-zestawy","12":"desktop-align-center","13":"tablet-align-center","14":"mobile-align-center","16":"first","17":"instock","18":"taxable","19":"shipping-taxable","20":"purchasable","21":"product-type-simple"},"_links":{"self":[{"href":"https:\/\/royal-motosport.eu\/english\/wp-json\/wp\/v2\/product\/3114","targetHints":{"allow":["GET"]}}],"collection":[{"href":"https:\/\/royal-motosport.eu\/english\/wp-json\/wp\/v2\/product"}],"about":[{"href":"https:\/\/royal-motosport.eu\/english\/wp-json\/wp\/v2\/types\/product"}],"replies":[{"embeddable":true,"href":"https:\/\/royal-motosport.eu\/english\/wp-json\/wp\/v2\/comments?post=3114"}],"version-history":[{"count":2,"href":"https:\/\/royal-motosport.eu\/english\/wp-json\/wp\/v2\/product\/3114\/revisions"}],"predecessor-version":[{"id":3127,"href":"https:\/\/royal-motosport.eu\/english\/wp-json\/wp\/v2\/product\/3114\/revisions\/3127"}],"wp:featuredmedia":[{"embeddable":true,"href":"https:\/\/royal-motosport.eu\/english\/wp-json\/wp\/v2\/media\/3122"}],"wp:attachment":[{"href":"https:\/\/royal-motosport.eu\/english\/wp-json\/wp\/v2\/media?parent=3114"}],"wp:term":[{"taxonomy":"product_brand","embeddable":true,"href":"https:\/\/royal-motosport.eu\/english\/wp-json\/wp\/v2\/product_brand?post=3114"},{"taxonomy":"product_cat","embeddable":true,"href":"https:\/\/royal-motosport.eu\/english\/wp-json\/wp\/v2\/product_cat?post=3114"},{"taxonomy":"product_tag","embeddable":true,"href":"https:\/\/royal-motosport.eu\/english\/wp-json\/wp\/v2\/product_tag?post=3114"}],"curies":[{"name":"wp","href":"https:\/\/api.w.org\/{rel}","templated":true}]}}