{"id":212,"date":"2022-09-26T22:18:18","date_gmt":"2022-09-26T20:18:18","guid":{"rendered":"http:\/\/shop.royal-motosport.eu\/?post_type=product&#038;p=212"},"modified":"2025-10-27T10:43:43","modified_gmt":"2025-10-27T09:43:43","slug":"bmw-3-e46-wide-body-poszerzenia-nadkoli-drift-daily-4szt","status":"publish","type":"product","link":"https:\/\/royal-motosport.eu\/english\/sklep\/zestawy\/bmw-zestawy\/e46\/bmw-3-e46-wide-body-poszerzenia-nadkoli-drift-daily-4szt\/","title":{"rendered":"BMW 3 E46 Wide Body Poszerzenia nadkoli Drift Daily 4szt."},"content":{"rendered":"<p>BMW 3 E46 Wide Body Poszerzenia nadkoli Drift Daily 4szt.<\/p>\n<p>Wersja po litowa 2002-2006.<\/p>\n<p>Cena dotyczy:<br \/>\nW sk\u0142ad zestawu wchodzi:<br \/>\n2x Panele prz\u00f3d 5cm<br \/>\n2x Panele ty\u0142 6cm<\/p>\n<p>Zestaw nowy wykonany z najwy\u017cszej jako\u015bci laminat\u00f3w, produkt wytrzyma\u0142y oraz elastyczny. Spraw by twoje auto wygl\u0105da\u0142o bardziej agresywnie od innych ! Zacznij wyr\u00f3\u017cnia\u0107 si\u0119 na drodze !<br \/>\nSpoilery wysokiej jako\u015bci bez dziurek ukrytych wad dostajesz to co na zdj\u0119ciu w razie problem\u00f3w zwrot na nasz koszt w razie pyta\u0144 prosimy o kontakt telefoniczny b\u0105d\u017a o pytanie do sprzedaj\u0105cego.<\/p>\n<p>Do ka\u017cdego zakupu wystawiamy paragon lub faktur\u0119 VAT.<\/p>\n<p>Czas realizacji zam\u00f3wienia do 7 dni roboczych.<\/p>","protected":false},"excerpt":{"rendered":"<p>BMW 3 E46 Wide Body Poszerzenia nadkoli Drift Daily 4szt. Wersja po litowa 2002-2006. Cena dotyczy: W sk\u0142ad zestawu wchodzi: 2x Panele prz\u00f3d 5cm 2x Panele ty\u0142 6cm Zestaw nowy wykonany z najwy\u017cszej jako\u015bci laminat\u00f3w, produkt wytrzyma\u0142y oraz elastyczny. Spraw by twoje auto wygl\u0105da\u0142o bardziej agresywnie od innych ! Zacznij wyr\u00f3\u017cnia\u0107 si\u0119 na drodze ! Spoilery wysokiej jako\u015bci bez dziurek ukrytych wad dostajesz to co na zdj\u0119ciu w razie problem\u00f3w zwrot na nasz koszt w razie pyta\u0144 prosimy o kontakt telefoniczny b\u0105d\u017a o pytanie do sprzedaj\u0105cego. Do ka\u017cdego zakupu wystawiamy paragon lub faktur\u0119 VAT. Czas realizacji zam\u00f3wienia do 7 dni roboczych.<\/p>","protected":false},"featured_media":273,"comment_status":"open","ping_status":"closed","template":"","meta":{"site-sidebar-layout":"default","site-content-layout":"","ast-site-content-layout":"default","site-content-style":"default","site-sidebar-style":"default","ast-global-header-display":"","ast-banner-title-visibility":"","ast-main-header-display":"","ast-hfb-above-header-display":"","ast-hfb-below-header-display":"","ast-hfb-mobile-header-display":"","site-post-title":"","ast-breadcrumbs-content":"","ast-featured-img":"","footer-sml-layout":"","ast-disable-related-posts":"","theme-transparent-header-meta":"default","adv-header-id-meta":"","stick-header-meta":"","header-above-stick-meta":"","header-main-stick-meta":"","header-below-stick-meta":"","astra-migrate-meta-layouts":"set","ast-page-background-enabled":"default","ast-page-background-meta":{"desktop":{"background-color":"var(--ast-global-color-4)","background-image":"","background-repeat":"repeat","background-position":"center center","background-size":"auto","background-attachment":"scroll","background-type":"","background-media":"","overlay-type":"","overlay-color":"","overlay-opacity":"","overlay-gradient":""},"tablet":{"background-color":"","background-image":"","background-repeat":"repeat","background-position":"center center","background-size":"auto","background-attachment":"scroll","background-type":"","background-media":"","overlay-type":"","overlay-color":"","overlay-opacity":"","overlay-gradient":""},"mobile":{"background-color":"","background-image":"","background-repeat":"repeat","background-position":"center center","background-size":"auto","background-attachment":"scroll","background-type":"","background-media":"","overlay-type":"","overlay-color":"","overlay-opacity":"","overlay-gradient":""}},"ast-content-background-meta":{"desktop":{"background-color":"var(--ast-global-color-5)","background-image":"","background-repeat":"repeat","background-position":"center center","background-size":"auto","background-attachment":"scroll","background-type":"","background-media":"","overlay-type":"","overlay-color":"","overlay-opacity":"","overlay-gradient":""},"tablet":{"background-color":"var(--ast-global-color-5)","background-image":"","background-repeat":"repeat","background-position":"center center","background-size":"auto","background-attachment":"scroll","background-type":"","background-media":"","overlay-type":"","overlay-color":"","overlay-opacity":"","overlay-gradient":""},"mobile":{"background-color":"var(--ast-global-color-5)","background-image":"","background-repeat":"repeat","background-position":"center center","background-size":"auto","background-attachment":"scroll","background-type":"","background-media":"","overlay-type":"","overlay-color":"","overlay-opacity":"","overlay-gradient":""}}},"product_brand":[],"product_cat":[99,104,47,37],"product_tag":[],"class_list":{"0":"post-212","1":"product","2":"type-product","3":"status-publish","4":"has-post-thumbnail","6":"product_cat-bmw-zestawy","7":"product_cat-e46","8":"product_cat-osobowe","9":"product_cat-zestawy","10":"desktop-align-center","11":"tablet-align-center","12":"mobile-align-center","14":"first","15":"instock","16":"taxable","17":"shipping-taxable","18":"purchasable","19":"product-type-simple"},"_links":{"self":[{"href":"https:\/\/royal-motosport.eu\/english\/wp-json\/wp\/v2\/product\/212","targetHints":{"allow":["GET"]}}],"collection":[{"href":"https:\/\/royal-motosport.eu\/english\/wp-json\/wp\/v2\/product"}],"about":[{"href":"https:\/\/royal-motosport.eu\/english\/wp-json\/wp\/v2\/types\/product"}],"replies":[{"embeddable":true,"href":"https:\/\/royal-motosport.eu\/english\/wp-json\/wp\/v2\/comments?post=212"}],"version-history":[{"count":2,"href":"https:\/\/royal-motosport.eu\/english\/wp-json\/wp\/v2\/product\/212\/revisions"}],"predecessor-version":[{"id":3157,"href":"https:\/\/royal-motosport.eu\/english\/wp-json\/wp\/v2\/product\/212\/revisions\/3157"}],"wp:featuredmedia":[{"embeddable":true,"href":"https:\/\/royal-motosport.eu\/english\/wp-json\/wp\/v2\/media\/273"}],"wp:attachment":[{"href":"https:\/\/royal-motosport.eu\/english\/wp-json\/wp\/v2\/media?parent=212"}],"wp:term":[{"taxonomy":"product_brand","embeddable":true,"href":"https:\/\/royal-motosport.eu\/english\/wp-json\/wp\/v2\/product_brand?post=212"},{"taxonomy":"product_cat","embeddable":true,"href":"https:\/\/royal-motosport.eu\/english\/wp-json\/wp\/v2\/product_cat?post=212"},{"taxonomy":"product_tag","embeddable":true,"href":"https:\/\/royal-motosport.eu\/english\/wp-json\/wp\/v2\/product_tag?post=212"}],"curies":[{"name":"wp","href":"https:\/\/api.w.org\/{rel}","templated":true}]}}