{"id":1690,"date":"2022-09-26T22:36:41","date_gmt":"2022-09-26T20:36:41","guid":{"rendered":"http:\/\/shop.royal-motosport.eu\/?post_type=product&#038;p=1690"},"modified":"2025-02-10T10:08:07","modified_gmt":"2025-02-10T09:08:07","slug":"bmw-e36-coupe-sedan-zaslepka-szyberdachu","status":"publish","type":"product","link":"https:\/\/royal-motosport.eu\/english\/sklep\/inne\/bmw-e36-coupe-sedan-zaslepka-szyberdachu\/","title":{"rendered":"BMW E36 coupe sedan zaslepka szyberdachu"},"content":{"rendered":"<p><strong>BMW E36 coupe sedan za\u015blepka szyberdachu<\/strong><\/p>\n<p>Cechy produktu:<\/p>\n<ul>\n<li>element nowy, wykonany r\u0119cznie pod Twoje zam\u00f3wienie<\/li>\n<li>zrobiony z wysokiej jako\u015bci laminatu (w\u0142\u00f3kno szklane + \u017cywica)<\/li>\n<li>lekki, wytrzyma\u0142y oraz elastyczny<\/li>\n<li>przygotowany do lakierowania (czarny podk\u0142ad)<\/li>\n<\/ul>\n<p>Dlaczego my:<\/p>\n<ul>\n<li>100% zadowolenia lub zwrot pieni\u0119dzy<\/li>\n<li>Wieloletnie do\u015bwiadczenie w produkcji<\/li>\n<li>Doskona\u0142y kontakt ze sprzedaj\u0105cym, zawsze ch\u0119tnie pomo\u017cemy<\/li>\n<li>Kr\u00f3tki czas oczekiwania na zam\u00f3wienie<\/li>\n<li>Wysy\u0142ka za granic\u0119<\/li>\n<\/ul>\n<p>WA\u017bNE!!!<\/p>\n<ul>\n<li>Zam\u00f3wienia przyjmowane s\u0105 do 9:00, po tej godzinie przechodz\u0105 na nast\u0119pny dzie\u0144 roboczy.<\/li>\n<li><span style=\"font-size: 16px;\">Paczk\u0119 nale\u017cy sprawdzi\u0107 przy kurierze.<\/span><\/li>\n<li>Przed za\u0142o\u017ceniem spoilera i lakierowaniem prosimy o przymierzenie cz\u0119\u015bci do auta.<\/li>\n<li>Elementy do monta\u017cu takie jak \u015bruby, klej czy ta\u015bma nie s\u0105 do\u0142\u0105czone do zestawu.<\/li>\n<\/ul>","protected":false},"excerpt":{"rendered":"<p>BMW E36 coupe sedan za\u015blepka szyberdachu Cechy produktu: element nowy, wykonany r\u0119cznie pod Twoje zam\u00f3wienie zrobiony z wysokiej jako\u015bci laminatu (w\u0142\u00f3kno szklane + \u017cywica) lekki, wytrzyma\u0142y oraz elastyczny przygotowany do lakierowania (czarny podk\u0142ad) Dlaczego my: 100% zadowolenia lub zwrot pieni\u0119dzy Wieloletnie do\u015bwiadczenie w produkcji Doskona\u0142y kontakt ze sprzedaj\u0105cym, zawsze ch\u0119tnie pomo\u017cemy Kr\u00f3tki czas oczekiwania na zam\u00f3wienie Wysy\u0142ka za granic\u0119 WA\u017bNE!!! Zam\u00f3wienia przyjmowane s\u0105 do 9:00, po tej godzinie przechodz\u0105 na nast\u0119pny dzie\u0144 roboczy. Paczk\u0119 nale\u017cy sprawdzi\u0107 przy kurierze. Przed za\u0142o\u017ceniem spoilera i lakierowaniem prosimy o przymierzenie cz\u0119\u015bci do auta. Elementy do monta\u017cu takie jak \u015bruby, klej czy ta\u015bma nie s\u0105 do\u0142\u0105czone do zestawu.<\/p>","protected":false},"featured_media":1819,"comment_status":"open","ping_status":"closed","template":"","meta":{"site-sidebar-layout":"default","site-content-layout":"default","ast-site-content-layout":"default","site-content-style":"default","site-sidebar-style":"default","ast-global-header-display":"","ast-banner-title-visibility":"","ast-main-header-display":"","ast-hfb-above-header-display":"","ast-hfb-below-header-display":"","ast-hfb-mobile-header-display":"","site-post-title":"","ast-breadcrumbs-content":"","ast-featured-img":"","footer-sml-layout":"","ast-disable-related-posts":"","theme-transparent-header-meta":"default","adv-header-id-meta":"","stick-header-meta":"","header-above-stick-meta":"","header-main-stick-meta":"","header-below-stick-meta":"","astra-migrate-meta-layouts":"default","ast-page-background-enabled":"default","ast-page-background-meta":{"desktop":{"background-color":"var(--ast-global-color-4)","background-image":"","background-repeat":"repeat","background-position":"center center","background-size":"auto","background-attachment":"scroll","background-type":"","background-media":"","overlay-type":"","overlay-color":"","overlay-opacity":"","overlay-gradient":""},"tablet":{"background-color":"","background-image":"","background-repeat":"repeat","background-position":"center center","background-size":"auto","background-attachment":"scroll","background-type":"","background-media":"","overlay-type":"","overlay-color":"","overlay-opacity":"","overlay-gradient":""},"mobile":{"background-color":"","background-image":"","background-repeat":"repeat","background-position":"center center","background-size":"auto","background-attachment":"scroll","background-type":"","background-media":"","overlay-type":"","overlay-color":"","overlay-opacity":"","overlay-gradient":""}},"ast-content-background-meta":{"desktop":{"background-color":"var(--ast-global-color-5)","background-image":"","background-repeat":"repeat","background-position":"center center","background-size":"auto","background-attachment":"scroll","background-type":"","background-media":"","overlay-type":"","overlay-color":"","overlay-opacity":"","overlay-gradient":""},"tablet":{"background-color":"var(--ast-global-color-5)","background-image":"","background-repeat":"repeat","background-position":"center center","background-size":"auto","background-attachment":"scroll","background-type":"","background-media":"","overlay-type":"","overlay-color":"","overlay-opacity":"","overlay-gradient":""},"mobile":{"background-color":"var(--ast-global-color-5)","background-image":"","background-repeat":"repeat","background-position":"center center","background-size":"auto","background-attachment":"scroll","background-type":"","background-media":"","overlay-type":"","overlay-color":"","overlay-opacity":"","overlay-gradient":""}}},"product_brand":[],"product_cat":[32,47],"product_tag":[],"class_list":{"0":"post-1690","1":"product","2":"type-product","3":"status-publish","4":"has-post-thumbnail","6":"product_cat-inne","7":"product_cat-osobowe","8":"product_shipping_class-spoilery","9":"desktop-align-center","10":"tablet-align-center","11":"mobile-align-center","13":"first","14":"instock","15":"taxable","16":"shipping-taxable","17":"purchasable","18":"product-type-simple"},"_links":{"self":[{"href":"https:\/\/royal-motosport.eu\/english\/wp-json\/wp\/v2\/product\/1690","targetHints":{"allow":["GET"]}}],"collection":[{"href":"https:\/\/royal-motosport.eu\/english\/wp-json\/wp\/v2\/product"}],"about":[{"href":"https:\/\/royal-motosport.eu\/english\/wp-json\/wp\/v2\/types\/product"}],"replies":[{"embeddable":true,"href":"https:\/\/royal-motosport.eu\/english\/wp-json\/wp\/v2\/comments?post=1690"}],"version-history":[{"count":3,"href":"https:\/\/royal-motosport.eu\/english\/wp-json\/wp\/v2\/product\/1690\/revisions"}],"predecessor-version":[{"id":2474,"href":"https:\/\/royal-motosport.eu\/english\/wp-json\/wp\/v2\/product\/1690\/revisions\/2474"}],"wp:featuredmedia":[{"embeddable":true,"href":"https:\/\/royal-motosport.eu\/english\/wp-json\/wp\/v2\/media\/1819"}],"wp:attachment":[{"href":"https:\/\/royal-motosport.eu\/english\/wp-json\/wp\/v2\/media?parent=1690"}],"wp:term":[{"taxonomy":"product_brand","embeddable":true,"href":"https:\/\/royal-motosport.eu\/english\/wp-json\/wp\/v2\/product_brand?post=1690"},{"taxonomy":"product_cat","embeddable":true,"href":"https:\/\/royal-motosport.eu\/english\/wp-json\/wp\/v2\/product_cat?post=1690"},{"taxonomy":"product_tag","embeddable":true,"href":"https:\/\/royal-motosport.eu\/english\/wp-json\/wp\/v2\/product_tag?post=1690"}],"curies":[{"name":"wp","href":"https:\/\/api.w.org\/{rel}","templated":true}]}}