{"id":1491,"date":"2022-09-26T22:33:59","date_gmt":"2022-09-26T20:33:59","guid":{"rendered":"http:\/\/shop.royal-motosport.eu\/?post_type=product&#038;p=1491"},"modified":"2023-02-10T12:30:49","modified_gmt":"2023-02-10T11:30:49","slug":"bmw-e81-e87-drzwi-prawe-drift-laminat-lekkie","status":"publish","type":"product","link":"https:\/\/royal-motosport.eu\/english\/sklep\/inne\/bmw-e81-e87-drzwi-prawe-drift-laminat-lekkie\/","title":{"rendered":"BMW E81 E87 Drzwi Prawe Drift Laminat Lekkie"},"content":{"rendered":"<p><strong>Cechy produktu:<\/strong><\/p>\n<ul>\n<li>element nowy, wykonany pod Twoje zam\u00f3wienie z najwy\u017cszej jako\u015bci laminatu (w\u0142\u00f3kno szklane + \u017cywica)<\/li>\n<li>lekki (waga ok 6kg z ramk\u0105)<\/li>\n<li>wytrzyma\u0142y oraz elastyczny<\/li>\n<li>przygotowany do lakierowania (czarny podk\u0142ad)<\/li>\n<li>wysoka jako\u015b wykonania<\/li>\n<li>idealne dopasowanie<\/li>\n<\/ul>\n<p><strong>Dlaczego my:<\/strong><\/p>\n<ul>\n<li>100% zadowolenia lub zwrot pieni\u0119dzy.<\/li>\n<li>Wieloletnie do\u015bwiadczenie w produkcji.<\/li>\n<li>Doskona\u0142y kontakt ze sprzedaj\u0105cym, zawsze ch\u0119tnie pomo\u017cemy.<\/li>\n<li>Kr\u00f3tki czas oczekiwania na zam\u00f3wienie.<\/li>\n<li>Wysy\u0142ka za granic\u0119.<\/li>\n<\/ul>\n<p><strong>WA\u017bNE!!! \u00a0<\/strong><\/p>\n<ul>\n<li>Zam\u00f3wienia przyjmowane s\u0105 do 9:00, po tej godzinie przechodz\u0105 na nast\u0119pny dzie\u0144 roboczy.<\/li>\n<li>Paczk\u0119 nale\u017cy sprawdzi\u0107 przy kurierze.<\/li>\n<li>Przed za\u0142o\u017ceniem spoilera i lakierowaniem prosimy o przymierzenie cz\u0119\u015bci do auta.<\/li>\n<li>Elementy do monta\u017cu takie jak \u015bruby, klej czy ta\u015bma nie s\u0105 do\u0142\u0105czone do zestawu.<\/li>\n<\/ul>","protected":false},"excerpt":{"rendered":"<p>Cechy produktu: element nowy, wykonany pod Twoje zam\u00f3wienie z najwy\u017cszej jako\u015bci laminatu (w\u0142\u00f3kno szklane + \u017cywica) lekki (waga ok 6kg z ramk\u0105) wytrzyma\u0142y oraz elastyczny przygotowany do lakierowania (czarny podk\u0142ad) wysoka jako\u015b wykonania idealne dopasowanie Dlaczego my: 100% zadowolenia lub zwrot pieni\u0119dzy. Wieloletnie do\u015bwiadczenie w produkcji. Doskona\u0142y kontakt ze sprzedaj\u0105cym, zawsze ch\u0119tnie pomo\u017cemy. Kr\u00f3tki czas oczekiwania na zam\u00f3wienie. Wysy\u0142ka za granic\u0119. WA\u017bNE!!! \u00a0 Zam\u00f3wienia przyjmowane s\u0105 do 9:00, po tej godzinie przechodz\u0105 na nast\u0119pny dzie\u0144 roboczy. Paczk\u0119 nale\u017cy sprawdzi\u0107 przy kurierze. Przed za\u0142o\u017ceniem spoilera i lakierowaniem prosimy o przymierzenie cz\u0119\u015bci do auta. Elementy do monta\u017cu takie jak \u015bruby, klej czy ta\u015bma nie s\u0105 do\u0142\u0105czone do zestawu.<\/p>","protected":false},"featured_media":1659,"comment_status":"open","ping_status":"closed","template":"","meta":{"site-sidebar-layout":"default","site-content-layout":"default","ast-site-content-layout":"default","site-content-style":"default","site-sidebar-style":"default","ast-global-header-display":"","ast-banner-title-visibility":"","ast-main-header-display":"","ast-hfb-above-header-display":"","ast-hfb-below-header-display":"","ast-hfb-mobile-header-display":"","site-post-title":"","ast-breadcrumbs-content":"","ast-featured-img":"","footer-sml-layout":"","ast-disable-related-posts":"","theme-transparent-header-meta":"default","adv-header-id-meta":"","stick-header-meta":"","header-above-stick-meta":"","header-main-stick-meta":"","header-below-stick-meta":"","astra-migrate-meta-layouts":"default","ast-page-background-enabled":"default","ast-page-background-meta":{"desktop":{"background-color":"var(--ast-global-color-4)","background-image":"","background-repeat":"repeat","background-position":"center center","background-size":"auto","background-attachment":"scroll","background-type":"","background-media":"","overlay-type":"","overlay-color":"","overlay-opacity":"","overlay-gradient":""},"tablet":{"background-color":"","background-image":"","background-repeat":"repeat","background-position":"center center","background-size":"auto","background-attachment":"scroll","background-type":"","background-media":"","overlay-type":"","overlay-color":"","overlay-opacity":"","overlay-gradient":""},"mobile":{"background-color":"","background-image":"","background-repeat":"repeat","background-position":"center center","background-size":"auto","background-attachment":"scroll","background-type":"","background-media":"","overlay-type":"","overlay-color":"","overlay-opacity":"","overlay-gradient":""}},"ast-content-background-meta":{"desktop":{"background-color":"var(--ast-global-color-5)","background-image":"","background-repeat":"repeat","background-position":"center center","background-size":"auto","background-attachment":"scroll","background-type":"","background-media":"","overlay-type":"","overlay-color":"","overlay-opacity":"","overlay-gradient":""},"tablet":{"background-color":"var(--ast-global-color-5)","background-image":"","background-repeat":"repeat","background-position":"center center","background-size":"auto","background-attachment":"scroll","background-type":"","background-media":"","overlay-type":"","overlay-color":"","overlay-opacity":"","overlay-gradient":""},"mobile":{"background-color":"var(--ast-global-color-5)","background-image":"","background-repeat":"repeat","background-position":"center center","background-size":"auto","background-attachment":"scroll","background-type":"","background-media":"","overlay-type":"","overlay-color":"","overlay-opacity":"","overlay-gradient":""}}},"product_brand":[],"product_cat":[32,48],"product_tag":[],"class_list":{"0":"post-1491","1":"product","2":"type-product","3":"status-publish","4":"has-post-thumbnail","6":"product_cat-inne","7":"product_cat-pozostale","8":"desktop-align-center","9":"tablet-align-center","10":"mobile-align-center","12":"first","13":"instock","14":"taxable","15":"shipping-taxable","16":"purchasable","17":"product-type-simple"},"_links":{"self":[{"href":"https:\/\/royal-motosport.eu\/english\/wp-json\/wp\/v2\/product\/1491","targetHints":{"allow":["GET"]}}],"collection":[{"href":"https:\/\/royal-motosport.eu\/english\/wp-json\/wp\/v2\/product"}],"about":[{"href":"https:\/\/royal-motosport.eu\/english\/wp-json\/wp\/v2\/types\/product"}],"replies":[{"embeddable":true,"href":"https:\/\/royal-motosport.eu\/english\/wp-json\/wp\/v2\/comments?post=1491"}],"version-history":[{"count":2,"href":"https:\/\/royal-motosport.eu\/english\/wp-json\/wp\/v2\/product\/1491\/revisions"}],"predecessor-version":[{"id":2660,"href":"https:\/\/royal-motosport.eu\/english\/wp-json\/wp\/v2\/product\/1491\/revisions\/2660"}],"wp:featuredmedia":[{"embeddable":true,"href":"https:\/\/royal-motosport.eu\/english\/wp-json\/wp\/v2\/media\/1659"}],"wp:attachment":[{"href":"https:\/\/royal-motosport.eu\/english\/wp-json\/wp\/v2\/media?parent=1491"}],"wp:term":[{"taxonomy":"product_brand","embeddable":true,"href":"https:\/\/royal-motosport.eu\/english\/wp-json\/wp\/v2\/product_brand?post=1491"},{"taxonomy":"product_cat","embeddable":true,"href":"https:\/\/royal-motosport.eu\/english\/wp-json\/wp\/v2\/product_cat?post=1491"},{"taxonomy":"product_tag","embeddable":true,"href":"https:\/\/royal-motosport.eu\/english\/wp-json\/wp\/v2\/product_tag?post=1491"}],"curies":[{"name":"wp","href":"https:\/\/api.w.org\/{rel}","templated":true}]}}