{"id":1440,"date":"2022-09-26T22:33:14","date_gmt":"2022-09-26T20:33:14","guid":{"rendered":"http:\/\/shop.royal-motosport.eu\/?post_type=product&#038;p=1440"},"modified":"2025-11-15T18:38:28","modified_gmt":"2025-11-15T17:38:28","slug":"bmw-e81-e87-body-kit-wide-body-r-b-k","status":"publish","type":"product","link":"https:\/\/royal-motosport.eu\/english\/sklep\/zestawy\/bmw-zestawy\/e81-e82-e87\/bmw-e81-e87-body-kit-wide-body-r-b-k\/","title":{"rendered":"BMW E81 E87  Full Body Kit M2 (ca\u0142y zestaw)"},"content":{"rendered":"<p>BMW E81 Full Body Kit<\/p>\n<p>W sk\u0142ad zestawu wchodzi:<\/p>\n<p>&#8211; 2x B\u0142otnik Prz\u00f3d L+P (poszerza +8cm)<\/p>\n<p>&#8211; 2x B\u0142otnik Ty\u0142 L+P (poszerza +12cm)<\/p>\n<p>&#8211; 2x Progi Lewy + Prawy<\/p>\n<p>&#8211; 2x Zderzak prz\u00f3d + ty\u0142<\/p>\n<p>&#8211; Tylny zderzak<\/p>\n<p>&#8211; Klapa baga\u017cnika<\/p>\n<p>&#8211; Drzwi L+P<\/p>\n<p>&#8211; Maska<\/p>\n<p>&#8211; Spoiler<\/p>\n<p>&nbsp;<\/p>\n<p><strong>Cechy produktu:<\/strong><\/p>\n<ul>\n<li>elementy nowe, wykonane pod Twoje zam\u00f3wienie z najwy\u017cszej jako\u015bci laminatu (w\u0142\u00f3kno szklane + \u017cywica)<\/li>\n<li>wytrzyma\u0142e oraz elastyczne<\/li>\n<li>lekkie<\/li>\n<li>przygotowane do lakierowania (czarny podk\u0142ad)<\/li>\n<li>wysoka jako\u015b wykonania<\/li>\n<li>idealne dopasowanie<\/li>\n<\/ul>\n<p><strong>Dlaczego my:<\/strong><\/p>\n<ul>\n<li>100% zadowolenia lub zwrot pieni\u0119dzy.<\/li>\n<li>Wieloletnie do\u015bwiadczenie w produkcji.<\/li>\n<li>Doskona\u0142y kontakt ze sprzedaj\u0105cym, zawsze ch\u0119tnie pomo\u017cemy.<\/li>\n<li>Kr\u00f3tki czas oczekiwania na zam\u00f3wienie.<\/li>\n<li>Wysy\u0142ka za granic\u0119.<\/li>\n<\/ul>\n<p><strong>WA\u017bNE!!! \u00a0<\/strong><\/p>\n<ul>\n<li>Zam\u00f3wienia przyjmowane s\u0105 do 9:00, po tej godzinie przechodz\u0105 na nast\u0119pny dzie\u0144 roboczy.<\/li>\n<li>Paczk\u0119 nale\u017cy sprawdzi\u0107 przy kurierze.<\/li>\n<li>Przed za\u0142o\u017ceniem spoilera i lakierowaniem prosimy o przymierzenie cz\u0119\u015bci do auta.<\/li>\n<li>Elementy do monta\u017cu takie jak \u015bruby, klej czy ta\u015bma nie s\u0105 do\u0142\u0105czone do zestawu.<\/li>\n<\/ul>","protected":false},"excerpt":{"rendered":"<p>BMW E81 Full Body Kit W sk\u0142ad zestawu wchodzi: &#8211; 2x B\u0142otnik Prz\u00f3d L+P (poszerza +8cm) &#8211; 2x B\u0142otnik Ty\u0142 L+P (poszerza +12cm) &#8211; 2x Progi Lewy + Prawy &#8211; 2x Zderzak prz\u00f3d + ty\u0142 &#8211; Tylny zderzak &#8211; Klapa baga\u017cnika &#8211; Drzwi L+P &#8211; Maska &#8211; Spoiler &nbsp; Cechy produktu: elementy nowe, wykonane pod Twoje zam\u00f3wienie z najwy\u017cszej jako\u015bci laminatu (w\u0142\u00f3kno szklane + \u017cywica) wytrzyma\u0142e oraz elastyczne lekkie przygotowane do lakierowania (czarny podk\u0142ad) wysoka jako\u015b wykonania idealne dopasowanie Dlaczego my: 100% zadowolenia lub zwrot pieni\u0119dzy. Wieloletnie do\u015bwiadczenie w produkcji. Doskona\u0142y kontakt ze sprzedaj\u0105cym, zawsze ch\u0119tnie pomo\u017cemy. Kr\u00f3tki czas oczekiwania na zam\u00f3wienie. Wysy\u0142ka za granic\u0119. WA\u017bNE!!! \u00a0 Zam\u00f3wienia przyjmowane s\u0105 do 9:00, po tej godzinie przechodz\u0105 na nast\u0119pny dzie\u0144 roboczy. Paczk\u0119 nale\u017cy sprawdzi\u0107 przy kurierze. Przed za\u0142o\u017ceniem spoilera i lakierowaniem prosimy o przymierzenie cz\u0119\u015bci do auta. Elementy do monta\u017cu takie jak \u015bruby, klej czy ta\u015bma nie s\u0105 do\u0142\u0105czone do zestawu.<\/p>","protected":false},"featured_media":2662,"comment_status":"open","ping_status":"closed","template":"","meta":{"site-sidebar-layout":"default","site-content-layout":"default","ast-site-content-layout":"default","site-content-style":"default","site-sidebar-style":"default","ast-global-header-display":"","ast-banner-title-visibility":"","ast-main-header-display":"","ast-hfb-above-header-display":"","ast-hfb-below-header-display":"","ast-hfb-mobile-header-display":"","site-post-title":"","ast-breadcrumbs-content":"","ast-featured-img":"","footer-sml-layout":"","ast-disable-related-posts":"","theme-transparent-header-meta":"default","adv-header-id-meta":"","stick-header-meta":"","header-above-stick-meta":"","header-main-stick-meta":"","header-below-stick-meta":"","astra-migrate-meta-layouts":"set","ast-page-background-enabled":"default","ast-page-background-meta":{"desktop":{"background-color":"var(--ast-global-color-4)","background-image":"","background-repeat":"repeat","background-position":"center center","background-size":"auto","background-attachment":"scroll","background-type":"","background-media":"","overlay-type":"","overlay-color":"","overlay-opacity":"","overlay-gradient":""},"tablet":{"background-color":"","background-image":"","background-repeat":"repeat","background-position":"center center","background-size":"auto","background-attachment":"scroll","background-type":"","background-media":"","overlay-type":"","overlay-color":"","overlay-opacity":"","overlay-gradient":""},"mobile":{"background-color":"","background-image":"","background-repeat":"repeat","background-position":"center center","background-size":"auto","background-attachment":"scroll","background-type":"","background-media":"","overlay-type":"","overlay-color":"","overlay-opacity":"","overlay-gradient":""}},"ast-content-background-meta":{"desktop":{"background-color":"var(--ast-global-color-5)","background-image":"","background-repeat":"repeat","background-position":"center center","background-size":"auto","background-attachment":"scroll","background-type":"","background-media":"","overlay-type":"","overlay-color":"","overlay-opacity":"","overlay-gradient":""},"tablet":{"background-color":"var(--ast-global-color-5)","background-image":"","background-repeat":"repeat","background-position":"center center","background-size":"auto","background-attachment":"scroll","background-type":"","background-media":"","overlay-type":"","overlay-color":"","overlay-opacity":"","overlay-gradient":""},"mobile":{"background-color":"var(--ast-global-color-5)","background-image":"","background-repeat":"repeat","background-position":"center center","background-size":"auto","background-attachment":"scroll","background-type":"","background-media":"","overlay-type":"","overlay-color":"","overlay-opacity":"","overlay-gradient":""}}},"product_brand":[],"product_cat":[99,105,47,37],"product_tag":[],"class_list":{"0":"post-1440","1":"product","2":"type-product","3":"status-publish","4":"has-post-thumbnail","6":"product_cat-bmw-zestawy","7":"product_cat-e81-e82-e87","8":"product_cat-osobowe","9":"product_cat-zestawy","10":"desktop-align-center","11":"tablet-align-center","12":"mobile-align-center","14":"first","15":"instock","16":"taxable","17":"shipping-taxable","18":"purchasable","19":"product-type-simple"},"_links":{"self":[{"href":"https:\/\/royal-motosport.eu\/english\/wp-json\/wp\/v2\/product\/1440","targetHints":{"allow":["GET"]}}],"collection":[{"href":"https:\/\/royal-motosport.eu\/english\/wp-json\/wp\/v2\/product"}],"about":[{"href":"https:\/\/royal-motosport.eu\/english\/wp-json\/wp\/v2\/types\/product"}],"replies":[{"embeddable":true,"href":"https:\/\/royal-motosport.eu\/english\/wp-json\/wp\/v2\/comments?post=1440"}],"version-history":[{"count":10,"href":"https:\/\/royal-motosport.eu\/english\/wp-json\/wp\/v2\/product\/1440\/revisions"}],"predecessor-version":[{"id":3189,"href":"https:\/\/royal-motosport.eu\/english\/wp-json\/wp\/v2\/product\/1440\/revisions\/3189"}],"wp:featuredmedia":[{"embeddable":true,"href":"https:\/\/royal-motosport.eu\/english\/wp-json\/wp\/v2\/media\/2662"}],"wp:attachment":[{"href":"https:\/\/royal-motosport.eu\/english\/wp-json\/wp\/v2\/media?parent=1440"}],"wp:term":[{"taxonomy":"product_brand","embeddable":true,"href":"https:\/\/royal-motosport.eu\/english\/wp-json\/wp\/v2\/product_brand?post=1440"},{"taxonomy":"product_cat","embeddable":true,"href":"https:\/\/royal-motosport.eu\/english\/wp-json\/wp\/v2\/product_cat?post=1440"},{"taxonomy":"product_tag","embeddable":true,"href":"https:\/\/royal-motosport.eu\/english\/wp-json\/wp\/v2\/product_tag?post=1440"}],"curies":[{"name":"wp","href":"https:\/\/api.w.org\/{rel}","templated":true}]}}