{"id":1383,"date":"2022-09-26T22:32:26","date_gmt":"2022-09-26T20:32:26","guid":{"rendered":"http:\/\/shop.royal-motosport.eu\/?post_type=product&#038;p=1383"},"modified":"2025-01-14T20:13:25","modified_gmt":"2025-01-14T19:13:25","slug":"bmw-e46-coupe-pandem-body-kit-przed-lift-po-lift-drift","status":"publish","type":"product","link":"https:\/\/royal-motosport.eu\/english\/sklep\/zestawy\/bmw-zestawy\/e46\/bmw-e46-coupe-pandem-body-kit-przed-lift-po-lift-drift\/","title":{"rendered":"BMW E46 Coupe Pandem Body Kit przed lift po lift Drift"},"content":{"rendered":"<h3>BMW 3 E46 Coupe Pandem Body Kit<\/h3>\n<p>&nbsp;<\/p>\n<p>Mamy w ofercie zestaw do przed jak i po lifta.<\/p>\n<p>&nbsp;<\/p>\n<p>W sk\u0142ad zestawu wchodzi:<\/p>\n<p>2x Poszerzenia prz\u00f3d<\/p>\n<p>2x Poszerzenia ty\u0142<\/p>\n<p>1x Spoiler DuckTail<\/p>\n<p>1x nak\u0142adki zderzaka prz\u00f3d<\/p>\n<p>&nbsp;<\/p>\n<p>&nbsp;<\/p>\n<p>&nbsp;<\/p>\n<p><b>Cechy produktu:<\/b><\/p>\n<ul>\n<li>elementy nowe, wykonane r\u0119cznie pod Twoje zam\u00f3wienie<\/li>\n<li>zrobione z wysokiej jako\u015bci laminatu (w\u0142\u00f3kno szklane + \u017cywica)<\/li>\n<li>lekkie, wytrzyma\u0142e oraz elastyczne<\/li>\n<li>przygotowane do lakierowania (czarny podk\u0142ad)<\/li>\n<\/ul>\n<p><b>Dlaczego my:<\/b><\/p>\n<ul>\n<li>100% zadowolenia lub zwrot pieni\u0119dzy.<\/li>\n<li>Wieloletnie do\u015bwiadczenie w produkcji.<\/li>\n<li>Doskona\u0142y kontakt ze sprzedaj\u0105cym, zawsze ch\u0119tnie pomo\u017cemy.<\/li>\n<li>Kr\u00f3tki czas oczekiwania na zam\u00f3wienie.<\/li>\n<li>Wysy\u0142ka za granic\u0119.<\/li>\n<\/ul>\n<p><b>WA\u017bNE!!! \u00a0<\/b><\/p>\n<ul>\n<li>Zam\u00f3wienia przyjmowane s\u0105 do 9:00, po tej godzinie przechodz\u0105 na nast\u0119pny dzie\u0144 roboczy.<\/li>\n<li>Paczk\u0119 nale\u017cy sprawdzi\u0107 przy kurierze.<\/li>\n<li>Przed za\u0142o\u017ceniem spoilera i lakierowaniem prosimy o przymierzenie cz\u0119\u015bci do auta.<\/li>\n<li>Elementy do monta\u017cu takie jak \u015bruby, klej czy ta\u015bma nie s\u0105 do\u0142\u0105czone do zestawu.<\/li>\n<\/ul>\n<p>&nbsp;<\/p>","protected":false},"excerpt":{"rendered":"<p>BMW 3 E46 Coupe Pandem Body Kit &nbsp; Mamy w ofercie zestaw do przed jak i po lifta. &nbsp; W sk\u0142ad zestawu wchodzi: 2x Poszerzenia prz\u00f3d 2x Poszerzenia ty\u0142 1x Spoiler DuckTail 1x nak\u0142adki zderzaka prz\u00f3d &nbsp; &nbsp; &nbsp; Cechy produktu: elementy nowe, wykonane r\u0119cznie pod Twoje zam\u00f3wienie zrobione z wysokiej jako\u015bci laminatu (w\u0142\u00f3kno szklane + \u017cywica) lekkie, wytrzyma\u0142e oraz elastyczne przygotowane do lakierowania (czarny podk\u0142ad) Dlaczego my: 100% zadowolenia lub zwrot pieni\u0119dzy. Wieloletnie do\u015bwiadczenie w produkcji. Doskona\u0142y kontakt ze sprzedaj\u0105cym, zawsze ch\u0119tnie pomo\u017cemy. Kr\u00f3tki czas oczekiwania na zam\u00f3wienie. Wysy\u0142ka za granic\u0119. WA\u017bNE!!! \u00a0 Zam\u00f3wienia przyjmowane s\u0105 do 9:00, po tej godzinie przechodz\u0105 na nast\u0119pny dzie\u0144 roboczy. Paczk\u0119 nale\u017cy sprawdzi\u0107 przy kurierze. Przed za\u0142o\u017ceniem spoilera i lakierowaniem prosimy o przymierzenie cz\u0119\u015bci do auta. Elementy do monta\u017cu takie jak \u015bruby, klej czy ta\u015bma nie s\u0105 do\u0142\u0105czone do zestawu. &nbsp;<\/p>","protected":false},"featured_media":1539,"comment_status":"open","ping_status":"closed","template":"","meta":{"site-sidebar-layout":"default","site-content-layout":"default","ast-site-content-layout":"default","site-content-style":"default","site-sidebar-style":"default","ast-global-header-display":"","ast-banner-title-visibility":"","ast-main-header-display":"","ast-hfb-above-header-display":"","ast-hfb-below-header-display":"","ast-hfb-mobile-header-display":"","site-post-title":"","ast-breadcrumbs-content":"","ast-featured-img":"","footer-sml-layout":"","ast-disable-related-posts":"","theme-transparent-header-meta":"default","adv-header-id-meta":"","stick-header-meta":"","header-above-stick-meta":"","header-main-stick-meta":"","header-below-stick-meta":"","astra-migrate-meta-layouts":"set","ast-page-background-enabled":"default","ast-page-background-meta":{"desktop":{"background-color":"var(--ast-global-color-4)","background-image":"","background-repeat":"repeat","background-position":"center center","background-size":"auto","background-attachment":"scroll","background-type":"","background-media":"","overlay-type":"","overlay-color":"","overlay-opacity":"","overlay-gradient":""},"tablet":{"background-color":"","background-image":"","background-repeat":"repeat","background-position":"center center","background-size":"auto","background-attachment":"scroll","background-type":"","background-media":"","overlay-type":"","overlay-color":"","overlay-opacity":"","overlay-gradient":""},"mobile":{"background-color":"","background-image":"","background-repeat":"repeat","background-position":"center center","background-size":"auto","background-attachment":"scroll","background-type":"","background-media":"","overlay-type":"","overlay-color":"","overlay-opacity":"","overlay-gradient":""}},"ast-content-background-meta":{"desktop":{"background-color":"var(--ast-global-color-5)","background-image":"","background-repeat":"repeat","background-position":"center center","background-size":"auto","background-attachment":"scroll","background-type":"","background-media":"","overlay-type":"","overlay-color":"","overlay-opacity":"","overlay-gradient":""},"tablet":{"background-color":"var(--ast-global-color-5)","background-image":"","background-repeat":"repeat","background-position":"center center","background-size":"auto","background-attachment":"scroll","background-type":"","background-media":"","overlay-type":"","overlay-color":"","overlay-opacity":"","overlay-gradient":""},"mobile":{"background-color":"var(--ast-global-color-5)","background-image":"","background-repeat":"repeat","background-position":"center center","background-size":"auto","background-attachment":"scroll","background-type":"","background-media":"","overlay-type":"","overlay-color":"","overlay-opacity":"","overlay-gradient":""}}},"product_brand":[],"product_cat":[99,104,47,33,37],"product_tag":[],"class_list":{"0":"post-1383","1":"product","2":"type-product","3":"status-publish","4":"has-post-thumbnail","6":"product_cat-bmw-zestawy","7":"product_cat-e46","8":"product_cat-osobowe","9":"product_cat-progi","10":"product_cat-zestawy","11":"desktop-align-center","12":"tablet-align-center","13":"mobile-align-center","15":"first","16":"instock","17":"taxable","18":"shipping-taxable","19":"purchasable","20":"product-type-simple"},"_links":{"self":[{"href":"https:\/\/royal-motosport.eu\/english\/wp-json\/wp\/v2\/product\/1383","targetHints":{"allow":["GET"]}}],"collection":[{"href":"https:\/\/royal-motosport.eu\/english\/wp-json\/wp\/v2\/product"}],"about":[{"href":"https:\/\/royal-motosport.eu\/english\/wp-json\/wp\/v2\/types\/product"}],"replies":[{"embeddable":true,"href":"https:\/\/royal-motosport.eu\/english\/wp-json\/wp\/v2\/comments?post=1383"}],"version-history":[{"count":5,"href":"https:\/\/royal-motosport.eu\/english\/wp-json\/wp\/v2\/product\/1383\/revisions"}],"predecessor-version":[{"id":2981,"href":"https:\/\/royal-motosport.eu\/english\/wp-json\/wp\/v2\/product\/1383\/revisions\/2981"}],"wp:featuredmedia":[{"embeddable":true,"href":"https:\/\/royal-motosport.eu\/english\/wp-json\/wp\/v2\/media\/1539"}],"wp:attachment":[{"href":"https:\/\/royal-motosport.eu\/english\/wp-json\/wp\/v2\/media?parent=1383"}],"wp:term":[{"taxonomy":"product_brand","embeddable":true,"href":"https:\/\/royal-motosport.eu\/english\/wp-json\/wp\/v2\/product_brand?post=1383"},{"taxonomy":"product_cat","embeddable":true,"href":"https:\/\/royal-motosport.eu\/english\/wp-json\/wp\/v2\/product_cat?post=1383"},{"taxonomy":"product_tag","embeddable":true,"href":"https:\/\/royal-motosport.eu\/english\/wp-json\/wp\/v2\/product_tag?post=1383"}],"curies":[{"name":"wp","href":"https:\/\/api.w.org\/{rel}","templated":true}]}}