{"id":3,"date":"2022-09-21T23:40:42","date_gmt":"2022-09-21T21:40:42","guid":{"rendered":"http:\/\/shop.royal-motosport.eu\/?page_id=3"},"modified":"2024-08-26T14:22:39","modified_gmt":"2024-08-26T12:22:39","slug":"polityka-prywatnosci","status":"publish","type":"page","link":"https:\/\/royal-motosport.eu\/english\/polityka-prywatnosci\/","title":{"rendered":"Privacy policy"},"content":{"rendered":"<div data-elementor-type=\"wp-page\" data-elementor-id=\"3\" class=\"elementor elementor-3\">\n\t\t\t\t\t\t<section class=\"elementor-section elementor-top-section elementor-element elementor-element-4925689 elementor-section-boxed elementor-section-height-default elementor-section-height-default wpr-particle-no wpr-jarallax-no wpr-parallax-no wpr-sticky-section-no wpr-equal-height-no\" data-id=\"4925689\" data-element_type=\"section\" data-e-type=\"section\">\n\t\t\t\t\t\t<div class=\"elementor-container elementor-column-gap-default\">\n\t\t\t\t\t<div class=\"elementor-column elementor-col-100 elementor-top-column elementor-element elementor-element-bfbcc5f\" data-id=\"bfbcc5f\" data-element_type=\"column\" data-e-type=\"column\">\n\t\t\t<div class=\"elementor-widget-wrap elementor-element-populated\">\n\t\t\t\t\t\t<div class=\"elementor-element elementor-element-e096e38 elementor-widget elementor-widget-heading\" data-id=\"e096e38\" data-element_type=\"widget\" data-e-type=\"widget\" data-widget_type=\"heading.default\">\n\t\t\t\t<div class=\"elementor-widget-container\">\n\t\t\t\t\t<h2 class=\"elementor-heading-title elementor-size-default\">Polityka Cookies<\/h2>\t\t\t\t<\/div>\n\t\t\t\t<\/div>\n\t\t\t\t\t<\/div>\n\t\t<\/div>\n\t\t\t\t\t<\/div>\n\t\t<\/section>\n\t\t\t\t<section class=\"elementor-section elementor-top-section elementor-element elementor-element-a33e498 elementor-section-boxed elementor-section-height-default elementor-section-height-default wpr-particle-no wpr-jarallax-no wpr-parallax-no wpr-sticky-section-no wpr-equal-height-no\" data-id=\"a33e498\" data-element_type=\"section\" data-e-type=\"section\">\n\t\t\t\t\t\t<div class=\"elementor-container elementor-column-gap-default\">\n\t\t\t\t\t<div class=\"elementor-column elementor-col-100 elementor-top-column elementor-element elementor-element-2ac6310\" data-id=\"2ac6310\" data-element_type=\"column\" data-e-type=\"column\">\n\t\t\t<div class=\"elementor-widget-wrap elementor-element-populated\">\n\t\t\t\t\t\t<div class=\"elementor-element elementor-element-3be58aa elementor-widget elementor-widget-text-editor\" data-id=\"3be58aa\" data-element_type=\"widget\" data-e-type=\"widget\" data-widget_type=\"text-editor.default\">\n\t\t\t\t<div class=\"elementor-widget-container\">\n\t\t\t\t\t\t\t\t\t<ol><li>Mariusz Serafin z siedzib\u0105, przy ul. Skargi 144, 95-200 Pabianice, mo\u017ce wykorzystywa\u0107 pliki cookies. Pliki cookies to ma\u0142e pliki tekstowe wysy\u0142ane przez Sklep i przechowywane na komputerze, zawieraj\u0105ce pewne informacje zwi\u0105zane z korzystaniem przez Klienta z danej witryny. Pliki cookies wykorzystywane s\u0105 przez Sklep w celu obs\u0142ugi witryny oraz podczas procesu zakupowego. Wykorzystywane pliki cookies mog\u0105 mie\u0107 charakter tymczasowy lub trwa\u0142y. Tymczasowe pliki cookies s\u0105 usuwane z chwil\u0105 zamkni\u0119cia przegl\u0105darki, natomiast trwa\u0142e s\u0105 przechowywane tak\u017ce po zako\u0144czeniu korzystania z witryny i s\u0142u\u017c\u0105 do przechowywania informacji takich jak has\u0142o czy login. W ka\u017cdym wypadku Klient mo\u017ce zablokowa\u0107 instalowanie plik\u00f3w cookies lub usun\u0105\u0107 sta\u0142e pliki cookies, za pomoc\u0105 odpowiednich opcji przegl\u0105darki internetowej.<\/li><li>W celu \u015bwiadczenia us\u0142ug Sprzedawca stosuje technologie plik\u00f3w cookies czy sygnalizator\u00f3w sieci. Klient mo\u017ce zrezygnowa\u0107 z otrzymywania plik\u00f3w cookies za pomoc\u0105 tzw. \u201eopt-out cookies\u201d, kt\u00f3ra zablokuje umieszczanie tego typu plik\u00f3w w systemie komputera. Opcja ta uniemo\u017cliwi kojarzenie konkretnych informacji z przegl\u0105dark\u0105. W przypadku korzystania z kilku przegl\u0105darek internetowych lub kilku komputer\u00f3w, operacja rezygnacji z plik\u00f3w cookies musi zosta\u0107 przeprowadzona osobno dla ka\u017cdej z tych przegl\u0105darek\/komputer\u00f3w.<\/li><\/ol>\t\t\t\t\t\t\t\t<\/div>\n\t\t\t\t<\/div>\n\t\t\t\t\t<\/div>\n\t\t<\/div>\n\t\t\t\t\t<\/div>\n\t\t<\/section>\n\t\t\t\t<section class=\"elementor-section elementor-top-section elementor-element elementor-element-d4bc769 elementor-section-boxed elementor-section-height-default elementor-section-height-default wpr-particle-no wpr-jarallax-no wpr-parallax-no wpr-sticky-section-no wpr-equal-height-no\" data-id=\"d4bc769\" data-element_type=\"section\" data-e-type=\"section\">\n\t\t\t\t\t\t<div class=\"elementor-container elementor-column-gap-default\">\n\t\t\t\t\t<div class=\"elementor-column elementor-col-100 elementor-top-column elementor-element elementor-element-295a6eb\" data-id=\"295a6eb\" data-element_type=\"column\" data-e-type=\"column\">\n\t\t\t<div class=\"elementor-widget-wrap elementor-element-populated\">\n\t\t\t\t\t\t<div class=\"elementor-element elementor-element-28aa0fa elementor-widget elementor-widget-heading\" data-id=\"28aa0fa\" data-element_type=\"widget\" data-e-type=\"widget\" data-widget_type=\"heading.default\">\n\t\t\t\t<div class=\"elementor-widget-container\">\n\t\t\t\t\t<h2 class=\"elementor-heading-title elementor-size-default\">Ochrona danych osobowych<\/h2>\t\t\t\t<\/div>\n\t\t\t\t<\/div>\n\t\t\t\t\t<\/div>\n\t\t<\/div>\n\t\t\t\t\t<\/div>\n\t\t<\/section>\n\t\t\t\t<section class=\"elementor-section elementor-top-section elementor-element elementor-element-8e457b9 elementor-section-boxed elementor-section-height-default elementor-section-height-default wpr-particle-no wpr-jarallax-no wpr-parallax-no wpr-sticky-section-no wpr-equal-height-no\" data-id=\"8e457b9\" data-element_type=\"section\" data-e-type=\"section\">\n\t\t\t\t\t\t<div class=\"elementor-container elementor-column-gap-default\">\n\t\t\t\t\t<div class=\"elementor-column elementor-col-100 elementor-top-column elementor-element elementor-element-d2fb895\" data-id=\"d2fb895\" data-element_type=\"column\" data-e-type=\"column\">\n\t\t\t<div class=\"elementor-widget-wrap elementor-element-populated\">\n\t\t\t\t\t\t<div class=\"elementor-element elementor-element-6463e1f elementor-widget elementor-widget-text-editor\" data-id=\"6463e1f\" data-element_type=\"widget\" data-e-type=\"widget\" data-widget_type=\"text-editor.default\">\n\t\t\t\t<div class=\"elementor-widget-container\">\n\t\t\t\t\t\t\t\t\t<ol><li>Sk\u0142adaj\u0105c zam\u00f3wienie, Klient wyra\u017ca zgod\u0119 na przetwarzanie jego danych osobowych przez Administratora Danych, kt\u00f3rym jest Mariusz Serafin z siedzib\u0105, przy ul. Skargi 144, 95-200 Pabianice, w szczeg\u00f3lno\u015bci imienia, nazwiska, numeru telefonu, adresu e-mail i pe\u0142nego adresu dla cel\u00f3w zwi\u0105zanych z realizacj\u0105 zam\u00f3wienia, jego oceny, wyra\u017cenia opinii, otrzymywania informacji o promocjach.<\/li><li>Dane osobowe Klienta s\u0105 gromadzone z nale\u017cyt\u0105 staranno\u015bci\u0105 i odpowiednio chronione przed dost\u0119pem do nich os\u00f3b nieuprawnionych, zgodnie z obowi\u0105zuj\u0105cymi przepisami. Klient ma prawo wgl\u0105du do swoich danych, ich zmiany i poprawiania oraz \u017c\u0105dania zaprzestania ich przewarzania.<\/li><li>Wyra\u017caj\u0105c zgod\u0119 Klient jednocze\u015bnie o\u015bwiadcza, i\u017c ma \u015bwiadomo\u015b\u0107, \u017ce podanie danych jest dobrowolne, jednak odmowa ich podania skutkuje brakiem mo\u017cliwo\u015bci sk\u0142adania zam\u00f3wie\u0144 w Sklepie ze wzgl\u0119du na spos\u00f3b funkcjonowania systemu oraz w\u0142a\u015bciwo\u015b\u0107 us\u0142ugi.<\/li><\/ol>\t\t\t\t\t\t\t\t<\/div>\n\t\t\t\t<\/div>\n\t\t\t\t\t<\/div>\n\t\t<\/div>\n\t\t\t\t\t<\/div>\n\t\t<\/section>\n\t\t\t\t<\/div>","protected":false},"excerpt":{"rendered":"<p>Polityka Cookies Mariusz Serafin z siedzib\u0105, przy ul. Skargi 144, 95-200 Pabianice, mo\u017ce wykorzystywa\u0107 pliki cookies. Pliki cookies to ma\u0142e pliki tekstowe wysy\u0142ane przez Sklep i przechowywane na komputerze, zawieraj\u0105ce pewne informacje zwi\u0105zane z korzystaniem przez Klienta z danej witryny. Pliki cookies wykorzystywane s\u0105 przez Sklep w celu obs\u0142ugi witryny oraz podczas procesu zakupowego. Wykorzystywane pliki cookies mog\u0105 mie\u0107 charakter tymczasowy lub trwa\u0142y. Tymczasowe pliki cookies s\u0105 usuwane z chwil\u0105 zamkni\u0119cia przegl\u0105darki, natomiast trwa\u0142e s\u0105 przechowywane tak\u017ce po zako\u0144czeniu korzystania z witryny i s\u0142u\u017c\u0105 do przechowywania informacji takich jak has\u0142o czy login. W ka\u017cdym wypadku Klient mo\u017ce zablokowa\u0107 instalowanie plik\u00f3w cookies lub usun\u0105\u0107 sta\u0142e pliki cookies, za pomoc\u0105 odpowiednich opcji przegl\u0105darki internetowej. W celu \u015bwiadczenia us\u0142ug Sprzedawca stosuje technologie plik\u00f3w cookies czy sygnalizator\u00f3w sieci. Klient mo\u017ce zrezygnowa\u0107 z otrzymywania plik\u00f3w cookies za pomoc\u0105 tzw. \u201eopt-out cookies\u201d, kt\u00f3ra zablokuje umieszczanie tego typu plik\u00f3w w systemie komputera. Opcja ta uniemo\u017cliwi kojarzenie konkretnych informacji z przegl\u0105dark\u0105. W przypadku korzystania z kilku przegl\u0105darek internetowych lub kilku komputer\u00f3w, operacja rezygnacji z plik\u00f3w cookies musi zosta\u0107 przeprowadzona osobno dla ka\u017cdej z tych przegl\u0105darek\/komputer\u00f3w. Ochrona danych osobowych Sk\u0142adaj\u0105c zam\u00f3wienie, Klient wyra\u017ca zgod\u0119 na przetwarzanie jego danych osobowych przez Administratora Danych, kt\u00f3rym jest Mariusz Serafin z siedzib\u0105, przy ul. Skargi 144, 95-200 Pabianice, w szczeg\u00f3lno\u015bci imienia, nazwiska, numeru telefonu, adresu e-mail i pe\u0142nego adresu dla cel\u00f3w zwi\u0105zanych z realizacj\u0105 zam\u00f3wienia, jego oceny, wyra\u017cenia opinii, otrzymywania informacji o promocjach. Dane osobowe Klienta s\u0105 gromadzone z nale\u017cyt\u0105 staranno\u015bci\u0105 i odpowiednio chronione przed dost\u0119pem do nich os\u00f3b nieuprawnionych, zgodnie z obowi\u0105zuj\u0105cymi przepisami. Klient ma prawo wgl\u0105du do swoich danych, ich zmiany i poprawiania oraz \u017c\u0105dania zaprzestania ich przewarzania. Wyra\u017caj\u0105c zgod\u0119 Klient jednocze\u015bnie o\u015bwiadcza, i\u017c ma \u015bwiadomo\u015b\u0107, \u017ce podanie danych jest dobrowolne, jednak odmowa ich podania skutkuje brakiem mo\u017cliwo\u015bci sk\u0142adania zam\u00f3wie\u0144 w Sklepie ze wzgl\u0119du na spos\u00f3b funkcjonowania systemu oraz w\u0142a\u015bciwo\u015b\u0107 us\u0142ugi.<\/p>","protected":false},"author":1,"featured_media":0,"parent":0,"menu_order":0,"comment_status":"closed","ping_status":"open","template":"","meta":{"site-sidebar-layout":"default","site-content-layout":"","ast-site-content-layout":"default","site-content-style":"default","site-sidebar-style":"default","ast-global-header-display":"","ast-banner-title-visibility":"","ast-main-header-display":"","ast-hfb-above-header-display":"","ast-hfb-below-header-display":"","ast-hfb-mobile-header-display":"","site-post-title":"disabled","ast-breadcrumbs-content":"","ast-featured-img":"","footer-sml-layout":"","ast-disable-related-posts":"","theme-transparent-header-meta":"","adv-header-id-meta":"","stick-header-meta":"","header-above-stick-meta":"","header-main-stick-meta":"","header-below-stick-meta":"","astra-migrate-meta-layouts":"set","ast-page-background-enabled":"default","ast-page-background-meta":{"desktop":{"background-color":"var(--ast-global-color-4)","background-image":"","background-repeat":"repeat","background-position":"center center","background-size":"auto","background-attachment":"scroll","background-type":"","background-media":"","overlay-type":"","overlay-color":"","overlay-opacity":"","overlay-gradient":""},"tablet":{"background-color":"","background-image":"","background-repeat":"repeat","background-position":"center center","background-size":"auto","background-attachment":"scroll","background-type":"","background-media":"","overlay-type":"","overlay-color":"","overlay-opacity":"","overlay-gradient":""},"mobile":{"background-color":"","background-image":"","background-repeat":"repeat","background-position":"center center","background-size":"auto","background-attachment":"scroll","background-type":"","background-media":"","overlay-type":"","overlay-color":"","overlay-opacity":"","overlay-gradient":""}},"ast-content-background-meta":{"desktop":{"background-color":"var(--ast-global-color-5)","background-image":"","background-repeat":"repeat","background-position":"center center","background-size":"auto","background-attachment":"scroll","background-type":"","background-media":"","overlay-type":"","overlay-color":"","overlay-opacity":"","overlay-gradient":""},"tablet":{"background-color":"var(--ast-global-color-5)","background-image":"","background-repeat":"repeat","background-position":"center center","background-size":"auto","background-attachment":"scroll","background-type":"","background-media":"","overlay-type":"","overlay-color":"","overlay-opacity":"","overlay-gradient":""},"mobile":{"background-color":"var(--ast-global-color-5)","background-image":"","background-repeat":"repeat","background-position":"center center","background-size":"auto","background-attachment":"scroll","background-type":"","background-media":"","overlay-type":"","overlay-color":"","overlay-opacity":"","overlay-gradient":""}},"footnotes":""},"class_list":["post-3","page","type-page","status-publish","hentry"],"_links":{"self":[{"href":"https:\/\/royal-motosport.eu\/english\/wp-json\/wp\/v2\/pages\/3","targetHints":{"allow":["GET"]}}],"collection":[{"href":"https:\/\/royal-motosport.eu\/english\/wp-json\/wp\/v2\/pages"}],"about":[{"href":"https:\/\/royal-motosport.eu\/english\/wp-json\/wp\/v2\/types\/page"}],"author":[{"embeddable":true,"href":"https:\/\/royal-motosport.eu\/english\/wp-json\/wp\/v2\/users\/1"}],"replies":[{"embeddable":true,"href":"https:\/\/royal-motosport.eu\/english\/wp-json\/wp\/v2\/comments?post=3"}],"version-history":[{"count":15,"href":"https:\/\/royal-motosport.eu\/english\/wp-json\/wp\/v2\/pages\/3\/revisions"}],"predecessor-version":[{"id":2941,"href":"https:\/\/royal-motosport.eu\/english\/wp-json\/wp\/v2\/pages\/3\/revisions\/2941"}],"wp:attachment":[{"href":"https:\/\/royal-motosport.eu\/english\/wp-json\/wp\/v2\/media?parent=3"}],"curies":[{"name":"wp","href":"https:\/\/api.w.org\/{rel}","templated":true}]}}